{"id":5,"date":"2020-01-13T11:17:52","date_gmt":"2020-01-13T11:17:52","guid":{"rendered":"https:\/\/demosites.io\/web-agency-gb\/?page_id=5"},"modified":"2023-03-08T16:42:15","modified_gmt":"2023-03-08T16:42:15","slug":"15c42-web-agency-gb-home","status":"publish","type":"page","link":"https:\/\/aet-justnature.de\/","title":{"rendered":"Home"},"content":{"rendered":"\n<div class=\"wp-block-cover alignfull is-light\" style=\"min-height:700px;aspect-ratio:unset;\"><span aria-hidden=\"true\" class=\"wp-block-cover__background has-nv-site-bg-background-color has-background-dim\"><\/span><img loading=\"lazy\" decoding=\"async\" width=\"1280\" height=\"1000\" class=\"wp-block-cover__image-background wp-image-311\" alt=\"\" src=\"https:\/\/aet-justnature.de\/wp-content\/uploads\/2023\/03\/bathtub-g6ed009bc9_1280.jpg\" style=\"object-position:65% 20%\" data-object-fit=\"cover\" data-object-position=\"65% 20%\" srcset=\"https:\/\/aet-justnature.de\/wp-content\/uploads\/2023\/03\/bathtub-g6ed009bc9_1280.jpg 1280w, https:\/\/aet-justnature.de\/wp-content\/uploads\/2023\/03\/bathtub-g6ed009bc9_1280-300x234.jpg 300w, https:\/\/aet-justnature.de\/wp-content\/uploads\/2023\/03\/bathtub-g6ed009bc9_1280-1024x800.jpg 1024w, https:\/\/aet-justnature.de\/wp-content\/uploads\/2023\/03\/bathtub-g6ed009bc9_1280-768x600.jpg 768w\" sizes=\"auto, (max-width: 1280px) 100vw, 1280px\" \/><div class=\"wp-block-cover__inner-container is-layout-flow wp-block-cover-is-layout-flow\">\n<div style=\"height:80px\" aria-hidden=\"true\" class=\"wp-block-spacer\"><\/div>\n\n\n\n<h1 class=\"has-text-align-center has-text-color wp-block-heading\" style=\"color:#121212\">Ihr Fachmann f\u00fcr <\/h1>\n\n\n\n<h1 class=\"has-text-align-center has-text-color wp-block-heading\" style=\"color:#121212\">Sanit\u00e4r und Haustechnik<\/h1>\n\n\n\n<p class=\"has-text-align-center has-text-color\" style=\"color:#121212;font-size:17px\"><strong>Wir sind Ansprechpartner f\u00fcr Jeden! Ob Privat oder Gewerblich, jeder Auftrag liegt uns am Herzen und wird mit gr\u00f6\u00dfter Sorgfalt schnell und zuverl\u00e4ssig durchgef\u00fchrt. Und das zu g\u00fcnstigen Preisen!<\/strong><\/p>\n\n\n\n<div class=\"wp-block-buttons is-content-justification-center is-layout-flex wp-container-core-buttons-is-layout-16018d1d wp-block-buttons-is-layout-flex\">\n<div class=\"wp-block-button is-style-primary\"><a class=\"wp-block-button__link wp-element-button\">\u00dcber uns<\/a><\/div>\n\n\n\n<div class=\"wp-block-button is-style-secondary\"><a class=\"wp-block-button__link wp-element-button\">Kontakt<\/a><\/div>\n<\/div>\n\n\n\n<div style=\"height:80px\" aria-hidden=\"true\" class=\"wp-block-spacer\"><\/div>\n\n\n\n<div style=\"height:80px\" aria-hidden=\"true\" class=\"wp-block-spacer\"><\/div>\n<\/div><\/div>\n\n\n\n<div style=\"height:80px\" aria-hidden=\"true\" class=\"wp-block-spacer\"><\/div>\n\n\n\n<div class=\"wp-block-columns is-layout-flex wp-container-core-columns-is-layout-9d6595d7 wp-block-columns-is-layout-flex\">\n<div class=\"wp-block-column is-layout-flow wp-block-column-is-layout-flow\"><div class=\"wp-block-image icon-style is-style-rounded\">\n<figure class=\"aligncenter size-full\"><img loading=\"lazy\" decoding=\"async\" width=\"72\" height=\"72\" src=\"https:\/\/aet-justnature.de\/wp-content\/uploads\/2020\/01\/neve-webdesign-GB-04.png\" alt=\"\" class=\"wp-image-285\"\/><\/figure>\n<\/div>\n\n\n<h3 class=\"has-text-align-center has-neve-text-color-color has-text-color wp-block-heading\">Hohe Qualtit\u00e4tsarbeit und kleine Preise<\/h3>\n\n\n\n<p class=\"has-text-align-center\">Durch F\u00f6rderung durch die KFW oder Rabattaktionen k\u00f6nnen die Ausgaben reduziert werden<\/p>\n\n\n\n<div style=\"height:20px\" aria-hidden=\"true\" class=\"wp-block-spacer\"><\/div>\n<\/div>\n\n\n\n<div class=\"wp-block-column is-layout-flow wp-block-column-is-layout-flow\"><div class=\"wp-block-image icon-style is-style-rounded\">\n<figure class=\"aligncenter size-full\"><img loading=\"lazy\" decoding=\"async\" width=\"72\" height=\"72\" src=\"https:\/\/aet-justnature.de\/wp-content\/uploads\/2020\/01\/neve-webdesign-GB-03.png\" alt=\"\" class=\"wp-image-20\"\/><\/figure>\n<\/div>\n\n\n<h3 class=\"has-text-align-center has-neve-text-color-color has-text-color wp-block-heading\">Keine versteckten Kosten<\/h3>\n\n\n\n<p class=\"has-text-align-center\">Unser Angebot gilt von Anfang an und wird nicht nachtr\u00e4glich erh\u00f6ht. Darauf haben Sie unsere AET-Justnature Garantie<\/p>\n\n\n\n<div style=\"height:20px\" aria-hidden=\"true\" class=\"wp-block-spacer\"><\/div>\n<\/div>\n\n\n\n<div class=\"wp-block-column is-layout-flow wp-block-column-is-layout-flow\"><div class=\"wp-block-image icon-style is-style-rounded\">\n<figure class=\"aligncenter size-full\"><img loading=\"lazy\" decoding=\"async\" width=\"72\" height=\"72\" src=\"https:\/\/aet-justnature.de\/wp-content\/uploads\/2020\/01\/neve-webdesign-GB-01.png\" alt=\"\" class=\"wp-image-18\"\/><\/figure>\n<\/div>\n\n\n<h3 class=\"has-text-align-center has-neve-text-color-color has-text-color wp-block-heading\">Schnelle Umsetzung<\/h3>\n\n\n\n<p class=\"has-text-align-center\">Bei uns wird eine zeitnahe Umsetzung gro\u00df geschrieben. Nehmen Sie daher noch heute Kontakt auf und wir besprechen Ihr Anliegen kostenfrei. <\/p>\n\n\n\n<div style=\"height:20px\" aria-hidden=\"true\" class=\"wp-block-spacer\"><\/div>\n<\/div>\n<\/div>\n\n\n\n<div style=\"height:80px\" aria-hidden=\"true\" class=\"wp-block-spacer\"><\/div>\n\n\n\n<div class=\"wp-block-cover alignfull\" style=\"min-height:600px;aspect-ratio:unset;\"><span aria-hidden=\"true\" class=\"wp-block-cover__background has-nv-light-bg-background-color has-background-dim-100 has-background-dim\"><\/span><div class=\"wp-block-cover__inner-container is-layout-flow wp-block-cover-is-layout-flow\">\n<div class=\"wp-block-group\"><div class=\"wp-block-group__inner-container is-layout-flow wp-block-group-is-layout-flow\">\n<div class=\"wp-block-columns are-vertically-aligned-center is-layout-flex wp-container-core-columns-is-layout-9d6595d7 wp-block-columns-is-layout-flex\">\n<div class=\"wp-block-column is-vertically-aligned-center is-layout-flow wp-block-column-is-layout-flow\" style=\"flex-basis:50%\">\n<figure class=\"wp-block-image size-large\"><img loading=\"lazy\" decoding=\"async\" width=\"1024\" height=\"607\" src=\"https:\/\/aet-justnature.de\/wp-content\/uploads\/2023\/03\/project-g8542cca7b_1280-1024x607.jpg\" alt=\"\" class=\"wp-image-309\" srcset=\"https:\/\/aet-justnature.de\/wp-content\/uploads\/2023\/03\/project-g8542cca7b_1280-1024x607.jpg 1024w, https:\/\/aet-justnature.de\/wp-content\/uploads\/2023\/03\/project-g8542cca7b_1280-300x178.jpg 300w, https:\/\/aet-justnature.de\/wp-content\/uploads\/2023\/03\/project-g8542cca7b_1280-768x455.jpg 768w, https:\/\/aet-justnature.de\/wp-content\/uploads\/2023\/03\/project-g8542cca7b_1280.jpg 1280w\" sizes=\"auto, (max-width: 1024px) 100vw, 1024px\" \/><\/figure>\n<\/div>\n\n\n\n<div class=\"wp-block-column is-vertically-aligned-center is-layout-flow wp-block-column-is-layout-flow\" style=\"flex-basis:50%\">\n<div style=\"height:20px\" aria-hidden=\"true\" class=\"wp-block-spacer\"><\/div>\n\n\n\n<h2 class=\"has-text-align-left has-neve-text-color-color has-text-color wp-block-heading\">Haustechnik<\/h2>\n\n\n\n<p class=\"has-text-align-left has-neve-text-color-color has-text-color\" style=\"font-size:17px\">Ob Trinkwasseranlage, Entkalkung oder Neuinstallation sowie Wartung. Wir bieten das gesamte Spektrum f\u00fcr moderne Haus- sowie Sanit\u00e4rtechnik an. <\/p>\n\n\n\n<div class=\"wp-block-buttons is-content-justification-left is-layout-flex wp-container-core-buttons-is-layout-fdcfc74e wp-block-buttons-is-layout-flex\">\n<div class=\"wp-block-button is-style-primary\"><a class=\"wp-block-button__link wp-element-button\">Mehr erfahren<\/a><\/div>\n<\/div>\n<\/div>\n<\/div>\n<\/div><\/div>\n<\/div><\/div>\n\n\n\n<div class=\"wp-block-cover alignfull\" style=\"min-height:498px;aspect-ratio:unset;\"><span aria-hidden=\"true\" class=\"wp-block-cover__background has-nv-site-bg-background-color has-background-dim-100 has-background-dim\"><\/span><div class=\"wp-block-cover__inner-container is-layout-flow wp-block-cover-is-layout-flow\">\n<div class=\"wp-block-group\"><div class=\"wp-block-group__inner-container is-layout-flow wp-block-group-is-layout-flow\">\n<div class=\"wp-block-columns are-vertically-aligned-center is-layout-flex wp-container-core-columns-is-layout-9d6595d7 wp-block-columns-is-layout-flex\">\n<div class=\"wp-block-column is-vertically-aligned-center is-layout-flow wp-block-column-is-layout-flow\" style=\"flex-basis:50%\">\n<h2 class=\"has-text-align-left has-neve-text-color-color has-text-color wp-block-heading\">L\u00fcftungsanlagen<\/h2>\n\n\n\n<p class=\"has-text-align-left has-neve-text-color-color has-text-color\" style=\"font-size:17px\">Ob Zentrale oder dezentrale L\u00fcftungsanlage. Mit unserer umfassenden Beratung und Planung finden wir die beste Investition f\u00fcr Ihr Vorhaben. <\/p>\n\n\n\n<div class=\"wp-block-buttons is-content-justification-left is-layout-flex wp-container-core-buttons-is-layout-fdcfc74e wp-block-buttons-is-layout-flex\">\n<div class=\"wp-block-button is-style-primary\"><a class=\"wp-block-button__link wp-element-button\">Mehr Erfahren<\/a><\/div>\n<\/div>\n\n\n\n<div style=\"height:40px\" aria-hidden=\"true\" class=\"wp-block-spacer\"><\/div>\n<\/div>\n\n\n\n<div class=\"wp-block-column is-vertically-aligned-center is-layout-flow wp-block-column-is-layout-flow\" style=\"flex-basis:50%\">\n<figure class=\"wp-block-image size-large\"><img loading=\"lazy\" decoding=\"async\" width=\"1024\" height=\"576\" src=\"https:\/\/aet-justnature.de\/wp-content\/uploads\/2023\/03\/industry-g4b7e48683_1280-1024x576.jpg\" alt=\"\" class=\"wp-image-307\" srcset=\"https:\/\/aet-justnature.de\/wp-content\/uploads\/2023\/03\/industry-g4b7e48683_1280-1024x576.jpg 1024w, https:\/\/aet-justnature.de\/wp-content\/uploads\/2023\/03\/industry-g4b7e48683_1280-300x169.jpg 300w, https:\/\/aet-justnature.de\/wp-content\/uploads\/2023\/03\/industry-g4b7e48683_1280-768x432.jpg 768w, https:\/\/aet-justnature.de\/wp-content\/uploads\/2023\/03\/industry-g4b7e48683_1280.jpg 1280w\" sizes=\"auto, (max-width: 1024px) 100vw, 1024px\" \/><\/figure>\n<\/div>\n<\/div>\n\n\n\n<div style=\"height:40px\" aria-hidden=\"true\" class=\"wp-block-spacer\"><\/div>\n<\/div><\/div>\n<\/div><\/div>\n\n\n\n<div class=\"wp-block-cover alignfull\" style=\"min-height:600px;aspect-ratio:unset;\"><span aria-hidden=\"true\" class=\"wp-block-cover__background has-nv-dark-bg-background-color has-background-dim-100 has-background-dim\"><\/span><div class=\"wp-block-cover__inner-container is-layout-flow wp-block-cover-is-layout-flow\">\n<div class=\"wp-block-group\"><div class=\"wp-block-group__inner-container is-layout-flow wp-block-group-is-layout-flow\">\n<div class=\"wp-block-columns are-vertically-aligned-center is-layout-flex wp-container-core-columns-is-layout-9d6595d7 wp-block-columns-is-layout-flex\">\n<div class=\"wp-block-column is-vertically-aligned-center is-layout-flow wp-block-column-is-layout-flow\" style=\"flex-basis:50%\">\n<figure class=\"wp-block-image size-large\"><img loading=\"lazy\" decoding=\"async\" width=\"1024\" height=\"672\" src=\"https:\/\/aet-justnature.de\/wp-content\/uploads\/2023\/03\/heating-g44857841d_1280-1024x672.jpg\" alt=\"\" class=\"wp-image-306\" srcset=\"https:\/\/aet-justnature.de\/wp-content\/uploads\/2023\/03\/heating-g44857841d_1280-1024x672.jpg 1024w, https:\/\/aet-justnature.de\/wp-content\/uploads\/2023\/03\/heating-g44857841d_1280-300x197.jpg 300w, https:\/\/aet-justnature.de\/wp-content\/uploads\/2023\/03\/heating-g44857841d_1280-768x504.jpg 768w, https:\/\/aet-justnature.de\/wp-content\/uploads\/2023\/03\/heating-g44857841d_1280.jpg 1280w\" sizes=\"auto, (max-width: 1024px) 100vw, 1024px\" \/><\/figure>\n<\/div>\n\n\n\n<div class=\"wp-block-column is-vertically-aligned-center is-layout-flow wp-block-column-is-layout-flow\" style=\"flex-basis:50%\">\n<h2 class=\"has-text-align-left has-nv-text-dark-bg-color has-text-color wp-block-heading\">Heizungsanlage<\/h2>\n\n\n\n<p class=\"has-text-align-left has-nv-text-dark-bg-color has-text-color\" style=\"font-size:17px\">Ihr Sorglospaket in Augsburg und Umgebung. Mit unseren nachhaltigen Heizungen sind Sie f\u00fcr die n\u00e4chsten Jahrzehnte gut aufgestellt. Von Solarbetriebene- \u00fcber Fl\u00fcssiggasheizungen sowie W\u00e4rmepumpen. Wir haben Ihre L\u00f6sung<\/p>\n\n\n\n<div class=\"wp-block-buttons is-content-justification-left is-layout-flex wp-container-core-buttons-is-layout-fdcfc74e wp-block-buttons-is-layout-flex\">\n<div class=\"wp-block-button is-style-primary\"><a class=\"wp-block-button__link wp-element-button\">Mehr Erfahren<\/a><\/div>\n<\/div>\n<\/div>\n<\/div>\n\n\n\n<div style=\"height:40px\" aria-hidden=\"true\" class=\"wp-block-spacer\"><\/div>\n<\/div><\/div>\n<\/div><\/div>\n\n\n\n<div class=\"wp-block-cover alignfull\" style=\"min-height:571px;aspect-ratio:unset;\"><span aria-hidden=\"true\" class=\"wp-block-cover__background has-nv-light-bg-background-color has-background-dim-100 has-background-dim\"><\/span><div class=\"wp-block-cover__inner-container is-layout-flow wp-block-cover-is-layout-flow\">\n<div class=\"wp-block-columns is-layout-flex wp-container-core-columns-is-layout-9d6595d7 wp-block-columns-is-layout-flex\">\n<div class=\"wp-block-column ticss-4ce656f1 is-layout-flow wp-block-column-is-layout-flow\">\n<figure class=\"wp-block-image size-large is-resized is-style-rounded\"><img loading=\"lazy\" decoding=\"async\" src=\"https:\/\/aet-justnature.de\/wp-content\/uploads\/2020\/12\/neve-web-design-studio-03.1.jpg\" alt=\"\" class=\"wp-image-215\" width=\"80\" height=\"80\"\/><\/figure>\n\n\n\n<p class=\"has-text-align-left has-neve-text-color-color has-text-color has-normal-font-size\"><em>\u201cNach meinem Erstkontakt gab es noch in der selben Woche ein direktes Treffen bei mir. Schnelle und gute Arbeit. Kann ich nur weiterempfehlen.\u201d<\/em><\/p>\n\n\n\n<p class=\"has-neve-text-color-color has-text-color\">Viktor Reimchen<\/p>\n\n\n\n<div style=\"height:20px\" aria-hidden=\"true\" class=\"wp-block-spacer\"><\/div>\n<\/div>\n\n\n\n<div class=\"wp-block-column ticss-f6fc7494 is-layout-flow wp-block-column-is-layout-flow\">\n<figure class=\"wp-block-image size-large is-resized is-style-rounded\"><img loading=\"lazy\" decoding=\"async\" src=\"https:\/\/aet-justnature.de\/wp-content\/uploads\/2020\/12\/neve-web-design-studio-04.1.jpg\" alt=\"\" class=\"wp-image-216\" width=\"80\" height=\"80\"\/><\/figure>\n\n\n\n<p class=\"has-text-align-left has-neve-text-color-color has-text-color has-normal-font-size\"><em>\u201cIch hab mit Eugen schon \u00f6fter Projekte umgesetzt. Wenn Fragen oder Probleme aufkamen wurden diese sofort gel\u00f6st &#8211; Einfach Klasse!\u201d<\/em><\/p>\n\n\n\n<p class=\"has-neve-text-color-color has-text-color\">Martin Suldenhofer<\/p>\n\n\n\n<div style=\"height:20px\" aria-hidden=\"true\" class=\"wp-block-spacer\"><\/div>\n<\/div>\n\n\n\n<div class=\"wp-block-column ticss-a5b4df29 is-layout-flow wp-block-column-is-layout-flow\">\n<figure class=\"wp-block-image size-large is-resized is-style-rounded\"><img loading=\"lazy\" decoding=\"async\" src=\"https:\/\/aet-justnature.de\/wp-content\/uploads\/2020\/12\/neve-web-design-studio-02.1.jpg\" alt=\"\" class=\"wp-image-214\" width=\"80\" height=\"80\"\/><\/figure>\n\n\n\n<p class=\"has-text-align-left has-neve-text-color-color has-text-color has-normal-font-size\">\u201c<em>\u00dcber Eugen kann ich nur gutes sagen. Der Umbau wurde schnell und professionell umgesetzt. Man merkt das die Handwerker wissen was Sie tun.<\/em><\/p>\n\n\n\n<p class=\"has-neve-link-color-color has-text-color\"><em>Ich freue mich schon auf die n\u00e4chste Zusammenarbeit.\u201d<\/em><\/p>\n\n\n\n<p class=\"has-neve-text-color-color has-text-color\">Sebastian T.<\/p>\n\n\n\n<div style=\"height:20px\" aria-hidden=\"true\" class=\"wp-block-spacer\"><\/div>\n<\/div>\n<\/div>\n<\/div><\/div>\n\n\n\n<div class=\"wp-block-cover alignfull\" style=\"min-height:300px;aspect-ratio:unset;\"><span aria-hidden=\"true\" class=\"wp-block-cover__background has-nv-dark-bg-background-color has-background-dim-100 has-background-dim\"><\/span><div class=\"wp-block-cover__inner-container is-layout-flow wp-block-cover-is-layout-flow\">\n<h2 class=\"has-text-align-center has-nv-text-dark-bg-color has-text-color wp-block-heading\">Sie wollen unserem Team beitreten?<\/h2>\n\n\n\n<h3 class=\"wp-block-heading\"><\/h3>\n\n\n\n<p>Fitnessstudio langweilt dich? Dann komm zu uns als Facharbeiter oder Bauhelfer, durchtrainiert und braun wirst du von alleine. Fr\u00fch aufstehen und Morgensonne gibt\u2019s kostenlos. Bei uns lernst du das Mojo des Handwerks. Dein Zeugnis interessiert uns wie ein umgefallener Sack Reis in China.<\/p>\n\n\n\n<div class=\"wp-block-buttons is-content-justification-center is-layout-flex wp-container-core-buttons-is-layout-16018d1d wp-block-buttons-is-layout-flex\">\n<div class=\"wp-block-button is-style-primary\"><a class=\"wp-block-button__link wp-element-button\">Zur Bewerbung<\/a><\/div>\n<\/div>\n<\/div><\/div>\n","protected":false},"excerpt":{"rendered":"<p>Hohe Qualtit\u00e4tsarbeit und kleine Preise Durch F\u00f6rderung durch die KFW oder Rabattaktionen k\u00f6nnen die Ausgaben reduziert werden Keine versteckten Kosten Unser Angebot gilt von Anfang an und wird nicht nachtr\u00e4glich erh\u00f6ht. Darauf haben Sie unsere AET-Justnature Garantie Schnelle Umsetzung Bei uns wird eine zeitnahe Umsetzung gro\u00df geschrieben. Nehmen Sie daher noch heute Kontakt auf und&hellip;&nbsp;<a href=\"https:\/\/aet-justnature.de\/\" class=\"\" rel=\"bookmark\">Weiterlesen &raquo;<span class=\"screen-reader-text\">Home<\/span><\/a><\/p>\n","protected":false},"author":1,"featured_media":0,"parent":0,"menu_order":0,"comment_status":"closed","ping_status":"closed","template":"","meta":{"neve_meta_sidebar":"default","neve_meta_container":"default","neve_meta_enable_content_width":"on","neve_meta_content_width":100,"neve_meta_title_alignment":"","neve_meta_author_avatar":"","neve_post_elements_order":"","neve_meta_disable_header":"","neve_meta_disable_footer":"","neve_meta_disable_title":"on","_themeisle_gutenberg_block_has_review":false,"_ti_tpc_template_sync":false,"_ti_tpc_template_id":"cwhkd9lki581rusuhjti","footnotes":""},"class_list":["post-5","page","type-page","status-publish","hentry"],"_links":{"self":[{"href":"https:\/\/aet-justnature.de\/index.php\/wp-json\/wp\/v2\/pages\/5","targetHints":{"allow":["GET"]}}],"collection":[{"href":"https:\/\/aet-justnature.de\/index.php\/wp-json\/wp\/v2\/pages"}],"about":[{"href":"https:\/\/aet-justnature.de\/index.php\/wp-json\/wp\/v2\/types\/page"}],"author":[{"embeddable":true,"href":"https:\/\/aet-justnature.de\/index.php\/wp-json\/wp\/v2\/users\/1"}],"replies":[{"embeddable":true,"href":"https:\/\/aet-justnature.de\/index.php\/wp-json\/wp\/v2\/comments?post=5"}],"version-history":[{"count":14,"href":"https:\/\/aet-justnature.de\/index.php\/wp-json\/wp\/v2\/pages\/5\/revisions"}],"predecessor-version":[{"id":330,"href":"https:\/\/aet-justnature.de\/index.php\/wp-json\/wp\/v2\/pages\/5\/revisions\/330"}],"wp:attachment":[{"href":"https:\/\/aet-justnature.de\/index.php\/wp-json\/wp\/v2\/media?parent=5"}],"curies":[{"name":"wp","href":"https:\/\/api.w.org\/{rel}","templated":true}]}}